{"id":409,"date":"2022-06-20T10:45:26","date_gmt":"2022-06-20T15:45:26","guid":{"rendered":"http:\/\/getbestbuyinsurance.two.zysites.com\/about-us\/"},"modified":"2023-06-07T10:58:51","modified_gmt":"2023-06-07T15:58:51","slug":"about-us","status":"publish","type":"page","link":"https:\/\/www.getbestbuyinsurance.com\/es\/about-us\/","title":{"rendered":"Sobre nosotros"},"content":{"rendered":"<h2>Declaraci\u00f3n de misi\u00f3n<\/h2>\n<p>Estamos comprometidos a proporcionar una gama completa de productos y servicios de seguros para satisfacer las necesidades de nuestros clientes. Nos esforzamos por hacer que la experiencia de compra de seguros de nuestros clientes sea placentera mientras personalizamos su p\u00f3liza seg\u00fan sus necesidades \u00fanicas. Adem\u00e1s, acercamos los servicios de MVD a nuestros clientes al proporcionar tiempos de espera cortos y eficiencia en los documentos.<\/p>\n<h2>Estrategia de la empresa<\/h2>\n<p>Competimos en una industria que puede caracterizarse como de lento crecimiento y bajos rendimientos. Recientemente, las primas de autom\u00f3viles personales han aumentado un 3,2 %, mientras que otras industrias han crecido alrededor de un 4,7 %. En un entorno competitivo en el que los clientes buscan el mejor valor por su dinero, debemos esforzarnos continuamente para ser su compa\u00f1\u00eda de seguros y MVD preferida.<\/p>\n<h2>Historia de Best Buy<\/h2>\n<p>Best Buy Insurance se fund\u00f3 en 1996. Los negocios se realizaban en un escritorio alquilado en una oficina de bienes ra\u00edces y ha crecido a cuatro oficinas con todo el personal en toda la ciudad de Phoenix y Yuma. En 2003, Best Buy decidi\u00f3 expandir sus ofertas a la comunidad y fund\u00f3 Best Buy Title Services, LLC. acercar los servicios de MVD y brindar una mejor experiencia a nuestros clientes. Hoy, tres de nuestras cuatro ubicaciones ahora ofrecen servicios de MVD y continuamos expandi\u00e9ndonos para brindar m\u00e1s servicios a nuestros clientes. Seguimos haciendo crecer a Best Buy y nos damos cuenta de que nuestro \u00e9xito y crecimiento continuos se debe en gran parte a la dedicaci\u00f3n y el desempe\u00f1o de nuestros empleados.<\/p>\n<h2>Ubicaciones<\/h2>\n<p>Best Buy tiene ubicaciones en todo el \u00e1rea metropolitana de Phoenix y en Yuma, AZ. La oficina principal es la Oficina central, ubicada en 3917 S. Central, Phoenix, AZ 85040. La Oficina central alberga los departamentos de autom\u00f3viles, propietarios de viviendas, comercial y de contabilidad. La oficina de McDowell est\u00e1 ubicada en 5146 W. McDowell Rd., Phoenix, AZ 85035 y la oficina de Dunlap en 536 E. Dunlap, Suite #10, Phoenix, AZ 85020. La oficina de Yuma est\u00e1 ubicada en 1835 S. 4th Avenue, Yuma, AZ 85364.<\/p>\n","protected":false},"excerpt":{"rendered":"<p>Declaraci\u00f3n de misi\u00f3n Estamos comprometidos a proporcionar una gama completa de productos y servicios de seguros para satisfacer las necesidades de nuestros clientes. Nos esforzamos por hacer que la experiencia de compra de seguros de nuestros clientes sea placentera mientras personalizamos su p\u00f3liza seg\u00fan sus necesidades \u00fanicas. Adem\u00e1s, acercamos los servicios de MVD a nuestros [&hellip;]<\/p>\n","protected":false},"author":4,"featured_media":0,"parent":0,"menu_order":0,"comment_status":"closed","ping_status":"closed","template":"","meta":{"_acf_changed":false,"_seopress_robots_primary_cat":null,"_seopress_titles_title":"","_seopress_titles_desc":"","_seopress_robots_index":"","_analytify_skip_tracking":false,"footnotes":""},"class_list":["post-409","page","type-page","status-publish","hentry"],"acf":[],"_links":{"self":[{"href":"https:\/\/www.getbestbuyinsurance.com\/es\/wp-json\/wp\/v2\/pages\/409","targetHints":{"allow":["GET"]}}],"collection":[{"href":"https:\/\/www.getbestbuyinsurance.com\/es\/wp-json\/wp\/v2\/pages"}],"about":[{"href":"https:\/\/www.getbestbuyinsurance.com\/es\/wp-json\/wp\/v2\/types\/page"}],"author":[{"embeddable":true,"href":"https:\/\/www.getbestbuyinsurance.com\/es\/wp-json\/wp\/v2\/users\/4"}],"replies":[{"embeddable":true,"href":"https:\/\/www.getbestbuyinsurance.com\/es\/wp-json\/wp\/v2\/comments?post=409"}],"version-history":[{"count":0,"href":"https:\/\/www.getbestbuyinsurance.com\/es\/wp-json\/wp\/v2\/pages\/409\/revisions"}],"wp:attachment":[{"href":"https:\/\/www.getbestbuyinsurance.com\/es\/wp-json\/wp\/v2\/media?parent=409"}],"curies":[{"name":"wp","href":"https:\/\/api.w.org\/{rel}","templated":true}]}}